{"id":2657,"date":"2021-12-05T15:24:39","date_gmt":"2021-12-05T15:24:39","guid":{"rendered":"https:\/\/www.fonderiecortiana.com\/?page_id=2657"},"modified":"2021-12-05T15:27:30","modified_gmt":"2021-12-05T15:27:30","slug":"gusseiserne-ubersicht","status":"publish","type":"page","link":"https:\/\/www.fonderiecortiana.com\/de\/gusseiserne-ubersicht\/","title":{"rendered":"Gusseiserne \u00dcbersicht"},"content":{"rendered":"\t\t<div data-elementor-type=\"wp-post\" data-elementor-id=\"2657\" class=\"elementor elementor-2657 elementor-1041\">\n\t\t\t\t\t\t<section class=\"elementor-section elementor-top-section elementor-element elementor-element-e391131 elementor-section-content-middle elementor-section-boxed elementor-section-height-default elementor-section-height-default\" data-id=\"e391131\" data-element_type=\"section\" data-settings=\"{&quot;background_background&quot;:&quot;classic&quot;}\">\n\t\t\t\t\t\t<div class=\"elementor-container elementor-column-gap-no\">\n\t\t\t\t\t<div class=\"elementor-column elementor-col-50 elementor-top-column elementor-element elementor-element-1947b937\" data-id=\"1947b937\" data-element_type=\"column\" data-settings=\"{&quot;background_background&quot;:&quot;classic&quot;}\">\n\t\t\t<div class=\"elementor-widget-wrap elementor-element-populated\">\n\t\t\t\t\t\t<div class=\"elementor-element elementor-element-7f00ffcd elementor-widget elementor-widget-image\" data-id=\"7f00ffcd\" data-element_type=\"widget\" data-widget_type=\"image.default\">\n\t\t\t\t<div class=\"elementor-widget-container\">\n\t\t\t\t\t\t\t\t\t\t\t\t\t<img fetchpriority=\"high\" decoding=\"async\" width=\"800\" height=\"550\" src=\"https:\/\/www.fonderiecortiana.com\/wp-content\/uploads\/2021\/10\/Certificati-1024x704.jpg\" class=\"attachment-large size-large wp-image-2586\" alt=\"Certificati\" srcset=\"https:\/\/www.fonderiecortiana.com\/wp-content\/uploads\/2021\/10\/Certificati-1024x704.jpg 1024w, https:\/\/www.fonderiecortiana.com\/wp-content\/uploads\/2021\/10\/Certificati-300x206.jpg 300w, https:\/\/www.fonderiecortiana.com\/wp-content\/uploads\/2021\/10\/Certificati-768x528.jpg 768w, https:\/\/www.fonderiecortiana.com\/wp-content\/uploads\/2021\/10\/Certificati.jpg 1280w\" sizes=\"(max-width: 800px) 100vw, 800px\" title=\"\">\t\t\t\t\t\t\t\t\t\t\t\t\t<\/div>\n\t\t\t\t<\/div>\n\t\t\t\t\t<\/div>\n\t\t<\/div>\n\t\t\t\t<div class=\"elementor-column elementor-col-50 elementor-top-column elementor-element elementor-element-201343a2\" data-id=\"201343a2\" data-element_type=\"column\" data-settings=\"{&quot;background_background&quot;:&quot;classic&quot;}\">\n\t\t\t<div class=\"elementor-widget-wrap elementor-element-populated\">\n\t\t\t\t\t\t<div class=\"elementor-element elementor-element-7b73d74a elementor-widget elementor-widget-text-editor\" data-id=\"7b73d74a\" data-element_type=\"widget\" data-widget_type=\"text-editor.default\">\n\t\t\t\t<div class=\"elementor-widget-container\">\n\t\t\t\t\t\t\t<h2 style=\"text-align: left;\"><span style=\"color: #ffffff;\">\u201c<strong>Qualit\u00e4t ist, die Bed\u00fcrfnisse des Kunden zu befriedigen und seine eigenen Erwartungen \u00fcberzutreffen, indem man sich st\u00e4ndig verbessert.<\/strong>\u201d.<\/span><\/h2>\n<h3 style=\"text-align: left;\"><span style=\"color: #ffffff;\"> Diese ist die Philosophie, die die Fonderie Cortiana auszeichnet, die ihren Kunden seit 1946 Qualit\u00e4t, Schnelligkeit und Vielseitigkeit bietet, die es uns erm\u00f6glichen, den Herausforderungen eines immer h\u00e4rter werdenden Marktes zu begegnen. Dazu achtet unser Unternehmen neben den Produktionsabl\u00e4ufen auch zeitnah auf die Gussteileskontrolle. <\/span><\/h3>\t\t\t\t\t\t<\/div>\n\t\t\t\t<\/div>\n\t\t\t\t\t<\/div>\n\t\t<\/div>\n\t\t\t\t\t<\/div>\n\t\t<\/section>\n\t\t\t\t<section class=\"elementor-section elementor-top-section elementor-element elementor-element-5e18d06 elementor-section-boxed elementor-section-height-default elementor-section-height-default\" data-id=\"5e18d06\" data-element_type=\"section\">\n\t\t\t\t\t\t<div class=\"elementor-container elementor-column-gap-default\">\n\t\t\t\t\t<div class=\"elementor-column elementor-col-50 elementor-top-column elementor-element elementor-element-6212db7\" data-id=\"6212db7\" data-element_type=\"column\">\n\t\t\t<div class=\"elementor-widget-wrap elementor-element-populated\">\n\t\t\t\t\t\t<div class=\"elementor-element elementor-element-dddf003 elementor-widget elementor-widget-text-editor\" data-id=\"dddf003\" data-element_type=\"widget\" data-widget_type=\"text-editor.default\">\n\t\t\t\t<div class=\"elementor-widget-container\">\n\t\t\t\t\t\t\t<h2 style=\"text-align: center;\"><strong><span style=\"color: #ffffff; font-size: 20pt;\"> Die Gie\u00dferei verf\u00fcgt \u00fcber:<\/span><\/strong><\/h2>\t\t\t\t\t\t<\/div>\n\t\t\t\t<\/div>\n\t\t\t\t<div class=\"elementor-element elementor-element-46b1e18 elementor-widget elementor-widget-text-editor\" data-id=\"46b1e18\" data-element_type=\"widget\" data-widget_type=\"text-editor.default\">\n\t\t\t\t<div class=\"elementor-widget-container\">\n\t\t\t\t\t\t\t<ul style=\"list-style-type: square;\"><li><h4><span style=\"color: #333333;\">Werkzeuge zur thermischen Analyse von &#8222;ITACA&#8220;-Gusseise<\/span><\/h4><\/li><li><h4><span style=\"color: #333333;\">ARL 3460 Spektromete<\/span><\/h4><\/li><li><h4><span style=\"color: #333333;\">optisches Pyrometer<\/span><\/h4><\/li><li><h4><span style=\"color: #333333;\">CERAMIC Instruments Hygrometer<\/span><\/h4><\/li><li><h4><span style=\"color: #333333;\">Testformteil &#8222;TTM&#8220;<\/span><\/h4><\/li><li><h4><span style=\"color: #333333;\">&#8222;FISCHER&#8220; Gasdurchl\u00e4ssigkeits-Pr\u00fcfger\u00e4t<\/span><\/h4><\/li><li><h4><span style=\"color: #333333;\">H\u00e4rtepr\u00fcfer der Formsand<\/span><\/h4><\/li><li><h4><span style=\"color: #333333;\">ERNST-H\u00e4rtemesser<\/span><\/h4><\/li><\/ul><ul><li style=\"list-style-type: none;\">\u00a0<\/li><\/ul>\t\t\t\t\t\t<\/div>\n\t\t\t\t<\/div>\n\t\t\t\t\t<\/div>\n\t\t<\/div>\n\t\t\t\t<div class=\"elementor-column elementor-col-50 elementor-top-column elementor-element elementor-element-10beaea\" data-id=\"10beaea\" data-element_type=\"column\">\n\t\t\t<div class=\"elementor-widget-wrap elementor-element-populated\">\n\t\t\t\t\t\t<section class=\"elementor-section elementor-inner-section elementor-element elementor-element-5482713 elementor-section-boxed elementor-section-height-default elementor-section-height-default\" data-id=\"5482713\" data-element_type=\"section\">\n\t\t\t\t\t\t<div class=\"elementor-container elementor-column-gap-default\">\n\t\t\t\t\t<div class=\"elementor-column elementor-col-50 elementor-inner-column elementor-element elementor-element-b5df089\" data-id=\"b5df089\" data-element_type=\"column\">\n\t\t\t<div class=\"elementor-widget-wrap elementor-element-populated\">\n\t\t\t\t\t\t<div class=\"elementor-element elementor-element-2331f4a elementor-widget elementor-widget-text-editor\" data-id=\"2331f4a\" data-element_type=\"widget\" data-widget_type=\"text-editor.default\">\n\t\t\t\t<div class=\"elementor-widget-container\">\n\t\t\t\t\t\t\t<table border=\"2px\">\n<tbody>\n<tr>\n<td style=\"background-color: #1e73be;\">\n<h4><strong><span style=\"color: #ffffff;\"> Gusseisen nach UNI EN 1563 (sph\u00e4roidalguss) <\/span><\/strong><\/h4>\n<\/td>\n<\/tr>\n<tr>\n<td>EN GJS 350 LT<\/td>\n<\/tr>\n<tr>\n<td>EN GJS 400<\/td>\n<\/tr>\n<tr>\n<td>EN GJS 400 LT<\/td>\n<\/tr>\n<tr>\n<td>EN GJS 500<\/td>\n<\/tr>\n<tr>\n<td>EN GJS 600<\/td>\n<\/tr>\n<tr>\n<td>EN GJS 700<\/td>\n<\/tr>\n<tr>\n<td>EN GJS 800<\/td>\n<\/tr>\n<\/tbody>\n<\/table>\t\t\t\t\t\t<\/div>\n\t\t\t\t<\/div>\n\t\t\t\t\t<\/div>\n\t\t<\/div>\n\t\t\t\t<div class=\"elementor-column elementor-col-50 elementor-inner-column elementor-element elementor-element-c6c4b90\" data-id=\"c6c4b90\" data-element_type=\"column\">\n\t\t\t<div class=\"elementor-widget-wrap elementor-element-populated\">\n\t\t\t\t\t\t<div class=\"elementor-element elementor-element-96418ea elementor-widget elementor-widget-text-editor\" data-id=\"96418ea\" data-element_type=\"widget\" data-widget_type=\"text-editor.default\">\n\t\t\t\t<div class=\"elementor-widget-container\">\n\t\t\t\t\t\t\t<table border=\"2px\">\n<tbody>\n<tr>\n<td style=\"background-color: #1e73be;\">\n<h4><strong><span style=\"color: #ffffff;\"> Gusseisen nach UNI EN 1561 (graugussteile) <\/span><\/strong><\/h4>\n<\/td>\n<\/tr>\n<tr>\n<td>EN GJL 150<\/td>\n<\/tr>\n<tr>\n<td>EN GJL 200<\/td>\n<\/tr>\n<tr>\n<td>EN GJL 250<\/td>\n<\/tr>\n<tr>\n<td>EN GJL 300<\/td>\n<\/tr>\n<tr>\n<td>EN GJL 350<\/td>\n<\/tr>\n<\/tbody>\n<\/table>\t\t\t\t\t\t<\/div>\n\t\t\t\t<\/div>\n\t\t\t\t<div class=\"elementor-element elementor-element-bb76b3d elementor-widget elementor-widget-text-editor\" data-id=\"bb76b3d\" data-element_type=\"widget\" data-widget_type=\"text-editor.default\">\n\t\t\t\t<div class=\"elementor-widget-container\">\n\t\t\t\t\t\t\t<table border=\"2px\">\n<tbody>\n<tr>\n<td style=\"background-color: #1e73be;\">\n<h4><strong><span style=\"color: #ffffff;\">Verschlei\u00dffestes Gusseisen (FCB07-Spezifikation)<\/span><\/strong><\/h4>\n<\/td>\n<\/tr>\n<\/tbody>\n<\/table>\t\t\t\t\t\t<\/div>\n\t\t\t\t<\/div>\n\t\t\t\t\t<\/div>\n\t\t<\/div>\n\t\t\t\t\t<\/div>\n\t\t<\/section>\n\t\t\t\t<div class=\"elementor-element elementor-element-a7da661 elementor-widget elementor-widget-text-editor\" data-id=\"a7da661\" data-element_type=\"widget\" data-widget_type=\"text-editor.default\">\n\t\t\t\t<div class=\"elementor-widget-container\">\n\t\t\t\t\t\t\t<table border=\"2px\">\n<tbody>\n<tr>\n<td style=\"background-color: #1e73be;\">\n<h4><strong><span style=\"color: #ffffff;\">Auf Anfrage Gusseisen anderer Klassifikationen oder spezifischer Kunden<\/span><\/strong><\/h4>\n<\/td>\n<\/tr>\n<\/tbody>\n<\/table>\t\t\t\t\t\t<\/div>\n\t\t\t\t<\/div>\n\t\t\t\t\t<\/div>\n\t\t<\/div>\n\t\t\t\t\t<\/div>\n\t\t<\/section>\n\t\t\t\t<section class=\"elementor-section elementor-top-section elementor-element elementor-element-2c32e369 elementor-section-boxed elementor-section-height-default elementor-section-height-default\" data-id=\"2c32e369\" data-element_type=\"section\" data-settings=\"{&quot;background_background&quot;:&quot;classic&quot;}\">\n\t\t\t\t\t\t<div class=\"elementor-container elementor-column-gap-default\">\n\t\t\t\t\t<div class=\"elementor-column elementor-col-50 elementor-top-column elementor-element elementor-element-2033d798\" data-id=\"2033d798\" data-element_type=\"column\">\n\t\t\t<div class=\"elementor-widget-wrap elementor-element-populated\">\n\t\t\t\t\t\t<div class=\"elementor-element elementor-element-2f6bc830 elementor-widget elementor-widget-induxo-title\" data-id=\"2f6bc830\" data-element_type=\"widget\" data-widget_type=\"induxo-title.default\">\n\t\t\t\t<div class=\"elementor-widget-container\">\n\t\t\t         <div class=\"section-heading-content\">\n                  <small class=\"title-bg-small\"><\/small>\n                    <h2 class=\"section-title title-left\">\n                 Realisieren Sie Ihr Projekt mit uns!            <\/h2>\n         <\/div><!-- Section title -->\t\t\n         \n\n     \n    \t\t<\/div>\n\t\t\t\t<\/div>\n\t\t\t\t\t<\/div>\n\t\t<\/div>\n\t\t\t\t<div class=\"elementor-column elementor-col-50 elementor-top-column elementor-element elementor-element-1dcbc2ba\" data-id=\"1dcbc2ba\" data-element_type=\"column\">\n\t\t\t<div class=\"elementor-widget-wrap elementor-element-populated\">\n\t\t\t\t\t\t<div class=\"elementor-element elementor-element-52a24f10 elementor-align-right elementor-mobile-align-center elementor-widget elementor-widget-button\" data-id=\"52a24f10\" data-element_type=\"widget\" data-widget_type=\"button.default\">\n\t\t\t\t<div class=\"elementor-widget-container\">\n\t\t\t\t\t<div class=\"elementor-button-wrapper\">\n\t\t\t<a class=\"elementor-button elementor-button-link elementor-size-md\" href=\"https:\/\/www.fonderiecortiana.com\/contacts\/\">\n\t\t\t\t\t\t<span class=\"elementor-button-content-wrapper\">\n\t\t\t\t\t\t\t\t\t<span class=\"elementor-button-text\">KONTAKT US<\/span>\n\t\t\t\t\t<\/span>\n\t\t\t\t\t<\/a>\n\t\t<\/div>\n\t\t\t\t<\/div>\n\t\t\t\t<\/div>\n\t\t\t\t\t<\/div>\n\t\t<\/div>\n\t\t\t\t\t<\/div>\n\t\t<\/section>\n\t\t\t\t<\/div>\n\t\t","protected":false},"excerpt":{"rendered":"<p>\u201cQualit\u00e4t ist, die Bed\u00fcrfnisse des Kunden zu befriedigen und seine eigenen Erwartungen \u00fcberzutreffen, indem man sich st\u00e4ndig verbessert.\u201d. Diese ist die Philosophie, die die Fonderie Cortiana auszeichnet, die ihren Kunden seit 1946 Qualit\u00e4t, Schnelligkeit und Vielseitigkeit bietet, die es uns erm\u00f6glichen, den Herausforderungen eines immer h\u00e4rter werdenden Marktes zu begegnen. Dazu achtet unser Unternehmen neben [&hellip;]<\/p>\n","protected":false},"author":2,"featured_media":0,"parent":0,"menu_order":0,"comment_status":"closed","ping_status":"closed","template":"template\/full-width-template.php","meta":{"footnotes":""},"class_list":["post-2657","page","type-page","status-publish","hentry"],"_links":{"self":[{"href":"https:\/\/www.fonderiecortiana.com\/de\/wp-json\/wp\/v2\/pages\/2657","targetHints":{"allow":["GET"]}}],"collection":[{"href":"https:\/\/www.fonderiecortiana.com\/de\/wp-json\/wp\/v2\/pages"}],"about":[{"href":"https:\/\/www.fonderiecortiana.com\/de\/wp-json\/wp\/v2\/types\/page"}],"author":[{"embeddable":true,"href":"https:\/\/www.fonderiecortiana.com\/de\/wp-json\/wp\/v2\/users\/2"}],"replies":[{"embeddable":true,"href":"https:\/\/www.fonderiecortiana.com\/de\/wp-json\/wp\/v2\/comments?post=2657"}],"version-history":[{"count":0,"href":"https:\/\/www.fonderiecortiana.com\/de\/wp-json\/wp\/v2\/pages\/2657\/revisions"}],"wp:attachment":[{"href":"https:\/\/www.fonderiecortiana.com\/de\/wp-json\/wp\/v2\/media?parent=2657"}],"curies":[{"name":"wp","href":"https:\/\/api.w.org\/{rel}","templated":true}]}}