{"id":2642,"date":"2021-12-02T15:56:43","date_gmt":"2021-12-02T15:56:43","guid":{"rendered":"https:\/\/www.fonderiecortiana.com\/?page_id=2642"},"modified":"2021-12-07T14:33:41","modified_gmt":"2021-12-07T14:33:41","slug":"dienstleistungen","status":"publish","type":"page","link":"https:\/\/www.fonderiecortiana.com\/de\/dienstleistungen\/","title":{"rendered":"Dienstleistungen"},"content":{"rendered":"\t\t<div data-elementor-type=\"wp-post\" data-elementor-id=\"2642\" class=\"elementor elementor-2642 elementor-821\">\n\t\t\t\t\t\t<section class=\"elementor-section elementor-top-section elementor-element elementor-element-019e3c6 elementor-section-boxed elementor-section-height-default elementor-section-height-default\" data-id=\"019e3c6\" data-element_type=\"section\" data-settings=\"{&quot;background_background&quot;:&quot;classic&quot;}\">\n\t\t\t\t\t\t<div class=\"elementor-container elementor-column-gap-default\">\n\t\t\t\t\t<div class=\"elementor-column elementor-col-100 elementor-top-column elementor-element elementor-element-eb0f1ae\" data-id=\"eb0f1ae\" data-element_type=\"column\">\n\t\t\t<div class=\"elementor-widget-wrap elementor-element-populated\">\n\t\t\t\t\t\t<section class=\"elementor-section elementor-inner-section elementor-element elementor-element-2d1b379 elementor-section-content-top elementor-section-boxed elementor-section-height-default elementor-section-height-default\" data-id=\"2d1b379\" data-element_type=\"section\">\n\t\t\t\t\t\t<div class=\"elementor-container elementor-column-gap-default\">\n\t\t\t\t\t<div class=\"elementor-column elementor-col-50 elementor-inner-column elementor-element elementor-element-1b1fd2a\" data-id=\"1b1fd2a\" data-element_type=\"column\">\n\t\t\t<div class=\"elementor-widget-wrap elementor-element-populated\">\n\t\t\t\t\t\t<div class=\"elementor-element elementor-element-60c5b3d elementor-widget-divider--view-line elementor-widget elementor-widget-divider\" data-id=\"60c5b3d\" data-element_type=\"widget\" data-widget_type=\"divider.default\">\n\t\t\t\t<div class=\"elementor-widget-container\">\n\t\t\t\t\t<div class=\"elementor-divider\">\n\t\t\t<span class=\"elementor-divider-separator\">\n\t\t\t\t\t\t<\/span>\n\t\t<\/div>\n\t\t\t\t<\/div>\n\t\t\t\t<\/div>\n\t\t\t\t<div class=\"elementor-element elementor-element-9eff14e elementor-widget elementor-widget-induxo-title\" data-id=\"9eff14e\" data-element_type=\"widget\" data-widget_type=\"induxo-title.default\">\n\t\t\t\t<div class=\"elementor-widget-container\">\n\t\t\t         <div class=\"section-heading-content\">\n                  <small class=\"title-bg-small\">FONDERIE CORTIANA CAV. BORTOLO SPA<\/small>\n                    <h2 class=\"section-title title-left\">\n                 <span>Dienstleistungen<\/span>            <\/h2>\n         <\/div><!-- Section title -->\t\t\n         \n\n     \n    \t\t<\/div>\n\t\t\t\t<\/div>\n\t\t\t\t<div class=\"elementor-element elementor-element-6e9130d elementor-widget-divider--view-line elementor-widget elementor-widget-divider\" data-id=\"6e9130d\" data-element_type=\"widget\" data-widget_type=\"divider.default\">\n\t\t\t\t<div class=\"elementor-widget-container\">\n\t\t\t\t\t<div class=\"elementor-divider\">\n\t\t\t<span class=\"elementor-divider-separator\">\n\t\t\t\t\t\t<\/span>\n\t\t<\/div>\n\t\t\t\t<\/div>\n\t\t\t\t<\/div>\n\t\t\t\t\t<\/div>\n\t\t<\/div>\n\t\t\t\t<div class=\"elementor-column elementor-col-50 elementor-inner-column elementor-element elementor-element-73aee0a\" data-id=\"73aee0a\" data-element_type=\"column\">\n\t\t\t<div class=\"elementor-widget-wrap elementor-element-populated\">\n\t\t\t\t\t\t<div class=\"elementor-element elementor-element-43055f0 elementor-widget elementor-widget-text-editor\" data-id=\"43055f0\" data-element_type=\"widget\" data-widget_type=\"text-editor.default\">\n\t\t\t\t<div class=\"elementor-widget-container\">\n\t\t\t\t\t\t\t<h4 style=\"text-align: justify;\"><span style=\"color: #000000;\"><strong>Fonderie Cortiana Cav. Bortolo<\/strong> unterst\u00fctzt seine Kunden dank eines im Laufe der Zeit konsolidierten Netzwerks von Partnern und bietet Unterst\u00fctzung f\u00fcr die verschiedenen erg\u00e4nzenden Phasen des Gie\u00dfereiprozesses an und dabei die Rolle des Hauptauftragnehmers \u00fcbernimmt.<\/span><\/h4><h4 style=\"text-align: justify;\"><span style=\"color: #000000;\">Einige dieser Dienstleistungen werden unternehmensintern erbracht, f\u00fcr andere arbeiten wir mit Partnern aus verschiedenen Branchen mit einem hohen Technologiestand zusammen, um die h\u00f6chste Qualit\u00e4t des Produkts zu gew\u00e4hrleisten.<\/span><\/h4><h4 style=\"text-align: justify;\"><span style=\"color: #000000;\">Wir sind in der Lage, auch auf die anspruchsvollsten W\u00fcnsche einzugehen und garantieren eine Flexibilit\u00e4t, die es uns erm\u00f6glicht, auch f\u00fcr besonders anspruchsvolle Kunden passende L\u00f6sungen zu finden. <\/span><\/h4>\t\t\t\t\t\t<\/div>\n\t\t\t\t<\/div>\n\t\t\t\t\t<\/div>\n\t\t<\/div>\n\t\t\t\t\t<\/div>\n\t\t<\/section>\n\t\t\t\t<section class=\"elementor-section elementor-inner-section elementor-element elementor-element-a78f7a7 elementor-section-boxed elementor-section-height-default elementor-section-height-default\" data-id=\"a78f7a7\" data-element_type=\"section\">\n\t\t\t\t\t\t<div class=\"elementor-container elementor-column-gap-default\">\n\t\t\t\t\t<div class=\"elementor-column elementor-col-100 elementor-inner-column elementor-element elementor-element-4567908\" data-id=\"4567908\" data-element_type=\"column\">\n\t\t\t<div class=\"elementor-widget-wrap elementor-element-populated\">\n\t\t\t\t\t\t<div class=\"elementor-element elementor-element-306b980 elementor-widget elementor-widget-shortcode\" data-id=\"306b980\" data-element_type=\"widget\" data-widget_type=\"shortcode.default\">\n\t\t\t\t<div class=\"elementor-widget-container\">\n\t\t\t\t\t<div class=\"elementor-shortcode\">\t<div class=\"wrap_svl_center\">\r\n\t<div class=\"wrap_svl_center_box\">\r\n\t<div class=\"wrap_svl\" id=\"body_drag_2754\">\r\n\t\t<div class=\"images_wrap\">\r\n                            <img decoding=\"async\" src=\"https:\/\/www.fonderiecortiana.com\/wp-content\/uploads\/2021\/12\/Nuovo-Selettore-servizi-con-testi-TED.jpg\" alt=\"Service Fonderie Cortiana\" title=\"\">\r\n            \t\t<\/div>\t\r\n\t\t \t\t \t\t <div class=\"drag_element tips \" style=\"top:19.53%;left:14.74%;\" >\r\n\t\t \t<div class=\"point_style  ihotspot_tooltop_html\" data-placement=\"n\" data-html=\"\t\t \t\t\t \t\t \t\t \">\r\n\t\t \t\t<a href=\"https:\/\/www.fonderiecortiana.com\/de\/service\/design\/\" title=\"\" target=\"_self\">\t\t\t \t\t\t\t\t \t\t\t<div class=\"pins_animation ihotspot_pulse\" style=\"top:-30px;left:-30px;height:60px;width:60px\"><\/div>\r\n\t\t\t \t\t\t\t\t \t\t<img decoding=\"async\" src=\"https:\/\/www.fonderiecortiana.com\/wp-content\/uploads\/2021\/10\/Selezione-Servizi-2.png\" class=\"pins_image \" style=\"top:-30px;left:-30px\" alt=\"\" title=\"\">\r\n\t\t\t \t\t\t\t \t\t<\/a>\t\t \t<\/div>\r\n\t\t <\/div>\r\n\t\t \t\t <div class=\"drag_element tips \" style=\"top:50.4%;left:14.98%;\" >\r\n\t\t \t<div class=\"point_style  ihotspot_tooltop_html\" data-placement=\"n\" data-html=\"\t\t \t\t\t \t\t \t\t \">\r\n\t\t \t\t<a href=\"https:\/\/www.fonderiecortiana.com\/de\/service\/waermebehandlung\/\" title=\"\" target=\"_self\">\t\t\t \t\t\t\t\t \t\t\t<div class=\"pins_animation ihotspot_pulse\" style=\"top:-30px;left:-30px;height:60px;width:60px\"><\/div>\r\n\t\t\t \t\t\t\t\t \t\t<img decoding=\"async\" src=\"https:\/\/www.fonderiecortiana.com\/wp-content\/uploads\/2021\/10\/Selezione-Servizi-2.png\" class=\"pins_image \" style=\"top:-30px;left:-30px\" alt=\"\" title=\"\">\r\n\t\t\t \t\t\t\t \t\t<\/a>\t\t \t<\/div>\r\n\t\t <\/div>\r\n\t\t \t\t <div class=\"drag_element tips \" style=\"top:80.47%;left:15.1%;\" >\r\n\t\t \t<div class=\"point_style  ihotspot_tooltop_html\" data-placement=\"n\" data-html=\"\t\t \t\t\t \t\t \t\t \">\r\n\t\t \t\t<a href=\"https:\/\/www.fonderiecortiana.com\/de\/service\/mechanische-bearbeitung\/\" title=\"\" target=\"_self\">\t\t\t \t\t\t\t\t \t\t\t<div class=\"pins_animation ihotspot_pulse\" style=\"top:-30px;left:-30px;height:60px;width:60px\"><\/div>\r\n\t\t\t \t\t\t\t\t \t\t<img decoding=\"async\" src=\"https:\/\/www.fonderiecortiana.com\/wp-content\/uploads\/2021\/10\/Selezione-Servizi-2.png\" class=\"pins_image \" style=\"top:-30px;left:-30px\" alt=\"\" title=\"\">\r\n\t\t\t \t\t\t\t \t\t<\/a>\t\t \t<\/div>\r\n\t\t <\/div>\r\n\t\t \t\t <div class=\"drag_element tips \" style=\"top:13.19%;left:84.29%;\" >\r\n\t\t \t<div class=\"point_style  ihotspot_tooltop_html\" data-placement=\"n\" data-html=\"\t\t \t\t\t \t\t \t\t \">\r\n\t\t \t\t<a href=\"https:\/\/www.fonderiecortiana.com\/de\/service\/modellbaubetriebe\/\" title=\"\" target=\"_self\">\t\t\t \t\t\t\t\t \t\t\t<div class=\"pins_animation ihotspot_pulse\" style=\"top:-30px;left:-30px;height:60px;width:60px\"><\/div>\r\n\t\t\t \t\t\t\t\t \t\t<img decoding=\"async\" src=\"https:\/\/www.fonderiecortiana.com\/wp-content\/uploads\/2021\/10\/Selezione-Servizi-2.png\" class=\"pins_image \" style=\"top:-30px;left:-30px\" alt=\"\" title=\"\">\r\n\t\t\t \t\t\t\t \t\t<\/a>\t\t \t<\/div>\r\n\t\t <\/div>\r\n\t\t \t\t <div class=\"drag_element tips \" style=\"top:37.99%;left:84.77%;\" >\r\n\t\t \t<div class=\"point_style  ihotspot_tooltop_html\" data-placement=\"n\" data-html=\"\t\t \t\t\t \t\t \t\t \">\r\n\t\t \t\t<a href=\"https:\/\/www.fonderiecortiana.com\/de\/service\/kernmacherei\/\" title=\"\" target=\"_self\">\t\t\t \t\t\t\t\t \t\t\t<div class=\"pins_animation ihotspot_pulse\" style=\"top:-30px;left:-30px;height:60px;width:60px\"><\/div>\r\n\t\t\t \t\t\t\t\t \t\t<img decoding=\"async\" src=\"https:\/\/www.fonderiecortiana.com\/wp-content\/uploads\/2021\/10\/Selezione-Servizi-2.png\" class=\"pins_image \" style=\"top:-30px;left:-30px\" alt=\"\" title=\"\">\r\n\t\t\t \t\t\t\t \t\t<\/a>\t\t \t<\/div>\r\n\t\t <\/div>\r\n\t\t \t\t <div class=\"drag_element tips \" style=\"top:63.85%;left:84.77%;\" >\r\n\t\t \t<div class=\"point_style  ihotspot_tooltop_html\" data-placement=\"n\" data-html=\"\t\t \t\t\t \t\t \t\t \">\r\n\t\t \t\t<a href=\"https:\/\/www.fonderiecortiana.com\/de\/service\/lackierung\/\" title=\"\" target=\"_self\">\t\t\t \t\t\t\t\t \t\t\t<div class=\"pins_animation ihotspot_pulse\" style=\"top:-30px;left:-30px;height:60px;width:60px\"><\/div>\r\n\t\t\t \t\t\t\t\t \t\t<img decoding=\"async\" src=\"https:\/\/www.fonderiecortiana.com\/wp-content\/uploads\/2021\/10\/Selezione-Servizi-2.png\" class=\"pins_image \" style=\"top:-30px;left:-30px\" alt=\"\" title=\"\">\r\n\t\t\t \t\t\t\t \t\t<\/a>\t\t \t<\/div>\r\n\t\t <\/div>\r\n\t\t \t\t <div class=\"drag_element tips \" style=\"top:88.65%;left:84.9%;\" >\r\n\t\t \t<div class=\"point_style  ihotspot_tooltop_html\" data-placement=\"n\" data-html=\"\t\t \t\t\t \t\t \t\t \">\r\n\t\t \t\t<a href=\"https:\/\/www.fonderiecortiana.com\/de\/service\/qualitaetspruefung\/\" title=\"\" target=\"_self\">\t\t\t \t\t\t\t\t \t\t\t<div class=\"pins_animation ihotspot_pulse\" style=\"top:-30px;left:-30px;height:60px;width:60px\"><\/div>\r\n\t\t\t \t\t\t\t\t \t\t<img decoding=\"async\" src=\"https:\/\/www.fonderiecortiana.com\/wp-content\/uploads\/2021\/10\/Selezione-Servizi-2.png\" class=\"pins_image \" style=\"top:-30px;left:-30px\" alt=\"\" title=\"\">\r\n\t\t\t \t\t\t\t \t\t<\/a>\t\t \t<\/div>\r\n\t\t <\/div>\r\n\t\t \t\t \r\n\t\t  \t\t \t\r\n\t <\/div>\r\n\t <\/div>\r\n\t <\/div>\r\n\t<\/div>\n\t\t\t\t<\/div>\n\t\t\t\t<\/div>\n\t\t\t\t\t<\/div>\n\t\t<\/div>\n\t\t\t\t\t<\/div>\n\t\t<\/section>\n\t\t\t\t\t<\/div>\n\t\t<\/div>\n\t\t\t\t\t<\/div>\n\t\t<\/section>\n\t\t\t\t<section class=\"elementor-section elementor-top-section elementor-element elementor-element-5cca7c7b elementor-section-boxed elementor-section-height-default elementor-section-height-default\" data-id=\"5cca7c7b\" data-element_type=\"section\" data-settings=\"{&quot;background_background&quot;:&quot;classic&quot;}\">\n\t\t\t\t\t\t<div class=\"elementor-container elementor-column-gap-default\">\n\t\t\t\t\t<div class=\"elementor-column elementor-col-50 elementor-top-column elementor-element elementor-element-1adb4f23\" data-id=\"1adb4f23\" data-element_type=\"column\">\n\t\t\t<div class=\"elementor-widget-wrap elementor-element-populated\">\n\t\t\t\t\t\t<div class=\"elementor-element elementor-element-6b6091a3 elementor-widget elementor-widget-induxo-title\" data-id=\"6b6091a3\" data-element_type=\"widget\" data-widget_type=\"induxo-title.default\">\n\t\t\t\t<div class=\"elementor-widget-container\">\n\t\t\t         <div class=\"section-heading-content\">\n                  <small class=\"title-bg-small\"><\/small>\n                    <h2 class=\"section-title title-left\">\n                 Realisieren Sie Ihr Projekt mit uns!            <\/h2>\n         <\/div><!-- Section title -->\t\t\n         \n\n     \n    \t\t<\/div>\n\t\t\t\t<\/div>\n\t\t\t\t\t<\/div>\n\t\t<\/div>\n\t\t\t\t<div class=\"elementor-column elementor-col-50 elementor-top-column elementor-element elementor-element-6471a6d3\" data-id=\"6471a6d3\" data-element_type=\"column\">\n\t\t\t<div class=\"elementor-widget-wrap elementor-element-populated\">\n\t\t\t\t\t\t<div class=\"elementor-element elementor-element-c28b2f8 elementor-align-right elementor-mobile-align-center elementor-widget elementor-widget-button\" data-id=\"c28b2f8\" data-element_type=\"widget\" data-widget_type=\"button.default\">\n\t\t\t\t<div class=\"elementor-widget-container\">\n\t\t\t\t\t<div class=\"elementor-button-wrapper\">\n\t\t\t<a class=\"elementor-button elementor-button-link elementor-size-md\" href=\"https:\/\/www.fonderiecortiana.com\/de\/kontakt\/\">\n\t\t\t\t\t\t<span class=\"elementor-button-content-wrapper\">\n\t\t\t\t\t\t\t\t\t<span class=\"elementor-button-text\">KONTAKT US<\/span>\n\t\t\t\t\t<\/span>\n\t\t\t\t\t<\/a>\n\t\t<\/div>\n\t\t\t\t<\/div>\n\t\t\t\t<\/div>\n\t\t\t\t\t<\/div>\n\t\t<\/div>\n\t\t\t\t\t<\/div>\n\t\t<\/section>\n\t\t\t\t<\/div>\n\t\t","protected":false},"excerpt":{"rendered":"<p>FONDERIE CORTIANA CAV. BORTOLO SPA Dienstleistungen Fonderie Cortiana Cav. Bortolo unterst\u00fctzt seine Kunden dank eines im Laufe der Zeit konsolidierten Netzwerks von Partnern und bietet Unterst\u00fctzung f\u00fcr die verschiedenen erg\u00e4nzenden Phasen des Gie\u00dfereiprozesses an und dabei die Rolle des Hauptauftragnehmers \u00fcbernimmt. Einige dieser Dienstleistungen werden unternehmensintern erbracht, f\u00fcr andere arbeiten wir mit Partnern aus verschiedenen [&hellip;]<\/p>\n","protected":false},"author":2,"featured_media":0,"parent":0,"menu_order":0,"comment_status":"closed","ping_status":"closed","template":"template\/full-width-template.php","meta":{"footnotes":""},"class_list":["post-2642","page","type-page","status-publish","hentry"],"_links":{"self":[{"href":"https:\/\/www.fonderiecortiana.com\/de\/wp-json\/wp\/v2\/pages\/2642","targetHints":{"allow":["GET"]}}],"collection":[{"href":"https:\/\/www.fonderiecortiana.com\/de\/wp-json\/wp\/v2\/pages"}],"about":[{"href":"https:\/\/www.fonderiecortiana.com\/de\/wp-json\/wp\/v2\/types\/page"}],"author":[{"embeddable":true,"href":"https:\/\/www.fonderiecortiana.com\/de\/wp-json\/wp\/v2\/users\/2"}],"replies":[{"embeddable":true,"href":"https:\/\/www.fonderiecortiana.com\/de\/wp-json\/wp\/v2\/comments?post=2642"}],"version-history":[{"count":0,"href":"https:\/\/www.fonderiecortiana.com\/de\/wp-json\/wp\/v2\/pages\/2642\/revisions"}],"wp:attachment":[{"href":"https:\/\/www.fonderiecortiana.com\/de\/wp-json\/wp\/v2\/media?parent=2642"}],"curies":[{"name":"wp","href":"https:\/\/api.w.org\/{rel}","templated":true}]}}