{"id":2603,"date":"2021-12-02T15:12:43","date_gmt":"2021-12-02T15:12:43","guid":{"rendered":"https:\/\/www.fonderiecortiana.com\/?page_id=2603"},"modified":"2021-12-02T15:16:01","modified_gmt":"2021-12-02T15:16:01","slug":"unsere-geschichte","status":"publish","type":"page","link":"https:\/\/www.fonderiecortiana.com\/de\/unsere-geschichte\/","title":{"rendered":"Unsere Geschichte"},"content":{"rendered":"\t\t<div data-elementor-type=\"wp-post\" data-elementor-id=\"2603\" class=\"elementor elementor-2603 elementor-751\">\n\t\t\t\t\t\t<section class=\"elementor-section elementor-top-section elementor-element elementor-element-0bd3271 elementor-section-boxed elementor-section-height-default elementor-section-height-default\" data-id=\"0bd3271\" data-element_type=\"section\" data-settings=\"{&quot;background_background&quot;:&quot;classic&quot;}\">\n\t\t\t\t\t\t<div class=\"elementor-container elementor-column-gap-default\">\n\t\t\t\t\t<div class=\"elementor-column elementor-col-100 elementor-top-column elementor-element elementor-element-9fbd959\" data-id=\"9fbd959\" data-element_type=\"column\">\n\t\t\t<div class=\"elementor-widget-wrap elementor-element-populated\">\n\t\t\t\t\t\t<div class=\"elementor-element elementor-element-2e05c78 elementor-widget elementor-widget-text-editor\" data-id=\"2e05c78\" data-element_type=\"widget\" data-widget_type=\"text-editor.default\">\n\t\t\t\t<div class=\"elementor-widget-container\">\n\t\t\t\t\t\t\t<h1 style=\"text-align: center;\"><b>Fonderie Cortiana <\/b><span style=\"color: #000000;\">Cav. Bortolo SpA<\/span><\/h1>\t\t\t\t\t\t<\/div>\n\t\t\t\t<\/div>\n\t\t\t\t\t<\/div>\n\t\t<\/div>\n\t\t\t\t\t<\/div>\n\t\t<\/section>\n\t\t\t\t<section class=\"elementor-section elementor-top-section elementor-element elementor-element-e21b02f elementor-section-boxed elementor-section-height-default elementor-section-height-default\" data-id=\"e21b02f\" data-element_type=\"section\" data-settings=\"{&quot;background_background&quot;:&quot;classic&quot;}\">\n\t\t\t\t\t\t<div class=\"elementor-container elementor-column-gap-no\">\n\t\t\t\t\t<div class=\"elementor-column elementor-col-50 elementor-top-column elementor-element elementor-element-9efadab\" data-id=\"9efadab\" data-element_type=\"column\" data-settings=\"{&quot;background_background&quot;:&quot;classic&quot;}\">\n\t\t\t<div class=\"elementor-widget-wrap elementor-element-populated\">\n\t\t\t\t\t\t<div class=\"elementor-element elementor-element-36942a8 elementor-widget elementor-widget-text-editor\" data-id=\"36942a8\" data-element_type=\"widget\" data-widget_type=\"text-editor.default\">\n\t\t\t\t<div class=\"elementor-widget-container\">\n\t\t\t\t\t\t\t<h4 style=\"text-align: left;\"><strong><span style=\"color: #000000;\"> Unser Unternehmen ist seit 75 Jahren eine feste Realit\u00e4t auf dem Markt f\u00fcr kleine und mittlere Serien und produziert Grauguss-, Sph\u00e4roguss- und hochverschlei\u00dffeste Gussteile <\/span><\/strong><\/h4>\n<h4 style=\"text-align: left;\"><span style=\"color: #000000;\"> Im Laufe der Jahre haben wir mit den vom Markt geforderten Ver\u00e4nderungen Schritt gehalten und unsere Energie und F\u00e4higkeiten gewinnbringend in die Einf\u00fchrung automatisierter Produktionsanlagen investiert. Auf diese Weise schaffen wir dank langj\u00e4hrigem Know-how ein Endprodukt von hoher Qualit\u00e4t, das sowohl den Bed\u00fcrfnissen des kleinen Familienunternehmens als auch der f\u00fchrenden Unternehmen auf nationaler und internationaler Ebene erf\u00fcllen k\u00f6nne.\n<\/span><\/h4>\t\t\t\t\t\t<\/div>\n\t\t\t\t<\/div>\n\t\t\t\t\t<\/div>\n\t\t<\/div>\n\t\t\t\t<div class=\"elementor-column elementor-col-50 elementor-top-column elementor-element elementor-element-813a92f\" data-id=\"813a92f\" data-element_type=\"column\">\n\t\t\t<div class=\"elementor-widget-wrap elementor-element-populated\">\n\t\t\t\t\t\t<div class=\"elementor-element elementor-element-854d975 elementor-widget elementor-widget-image\" data-id=\"854d975\" data-element_type=\"widget\" data-widget_type=\"image.default\">\n\t\t\t\t<div class=\"elementor-widget-container\">\n\t\t\t\t\t\t\t\t\t\t\t\t\t<img fetchpriority=\"high\" decoding=\"async\" width=\"800\" height=\"534\" src=\"https:\/\/www.fonderiecortiana.com\/wp-content\/uploads\/2021\/10\/Fonderie-Cortiana-San-Vito-di-Leguzzano-Vicenza-1024x683.jpg\" class=\"attachment-large size-large wp-image-1739\" alt=\"Fonderie Cortiana San Vito di Leguzzano Vicenza\" srcset=\"https:\/\/www.fonderiecortiana.com\/wp-content\/uploads\/2021\/10\/Fonderie-Cortiana-San-Vito-di-Leguzzano-Vicenza-1024x683.jpg 1024w, https:\/\/www.fonderiecortiana.com\/wp-content\/uploads\/2021\/10\/Fonderie-Cortiana-San-Vito-di-Leguzzano-Vicenza-300x200.jpg 300w, https:\/\/www.fonderiecortiana.com\/wp-content\/uploads\/2021\/10\/Fonderie-Cortiana-San-Vito-di-Leguzzano-Vicenza-768x512.jpg 768w, https:\/\/www.fonderiecortiana.com\/wp-content\/uploads\/2021\/10\/Fonderie-Cortiana-San-Vito-di-Leguzzano-Vicenza.jpg 1500w\" sizes=\"(max-width: 800px) 100vw, 800px\" title=\"\">\t\t\t\t\t\t\t\t\t\t\t\t\t<\/div>\n\t\t\t\t<\/div>\n\t\t\t\t\t<\/div>\n\t\t<\/div>\n\t\t\t\t\t<\/div>\n\t\t<\/section>\n\t\t\t\t<section class=\"elementor-section elementor-top-section elementor-element elementor-element-b8bb138 elementor-section-boxed elementor-section-height-default elementor-section-height-default\" data-id=\"b8bb138\" data-element_type=\"section\" data-settings=\"{&quot;background_background&quot;:&quot;classic&quot;}\">\n\t\t\t\t\t\t<div class=\"elementor-container elementor-column-gap-default\">\n\t\t\t\t\t<div class=\"elementor-column elementor-col-50 elementor-top-column elementor-element elementor-element-33d35db\" data-id=\"33d35db\" data-element_type=\"column\">\n\t\t\t<div class=\"elementor-widget-wrap elementor-element-populated\">\n\t\t\t\t\t\t<div class=\"elementor-element elementor-element-00e7c31 elementor-widget elementor-widget-induxo-title\" data-id=\"00e7c31\" data-element_type=\"widget\" data-widget_type=\"induxo-title.default\">\n\t\t\t\t<div class=\"elementor-widget-container\">\n\t\t\t         <div class=\"section-heading-content\">\n                  <small class=\"title-bg-small\"><\/small>\n                    <h2 class=\"section-title title-left\">\n                 Realisieren Sie Ihr Projekt mit uns!            <\/h2>\n         <\/div><!-- Section title -->\t\t\n         \n\n     \n    \t\t<\/div>\n\t\t\t\t<\/div>\n\t\t\t\t\t<\/div>\n\t\t<\/div>\n\t\t\t\t<div class=\"elementor-column elementor-col-50 elementor-top-column elementor-element elementor-element-b90c3d1\" data-id=\"b90c3d1\" data-element_type=\"column\">\n\t\t\t<div class=\"elementor-widget-wrap elementor-element-populated\">\n\t\t\t\t\t\t<div class=\"elementor-element elementor-element-448721f elementor-align-right elementor-mobile-align-center elementor-widget elementor-widget-button\" data-id=\"448721f\" data-element_type=\"widget\" data-widget_type=\"button.default\">\n\t\t\t\t<div class=\"elementor-widget-container\">\n\t\t\t\t\t<div class=\"elementor-button-wrapper\">\n\t\t\t<a class=\"elementor-button elementor-button-link elementor-size-md\" href=\"https:\/\/www.fonderiecortiana.com\/kontakt\/\">\n\t\t\t\t\t\t<span class=\"elementor-button-content-wrapper\">\n\t\t\t\t\t\t\t\t\t<span class=\"elementor-button-text\">KONTAKT US<\/span>\n\t\t\t\t\t<\/span>\n\t\t\t\t\t<\/a>\n\t\t<\/div>\n\t\t\t\t<\/div>\n\t\t\t\t<\/div>\n\t\t\t\t\t<\/div>\n\t\t<\/div>\n\t\t\t\t\t<\/div>\n\t\t<\/section>\n\t\t\t\t<\/div>\n\t\t","protected":false},"excerpt":{"rendered":"<p>Fonderie Cortiana Cav. Bortolo SpA Unser Unternehmen ist seit 75 Jahren eine feste Realit\u00e4t auf dem Markt f\u00fcr kleine und mittlere Serien und produziert Grauguss-, Sph\u00e4roguss- und hochverschlei\u00dffeste Gussteile Im Laufe der Jahre haben wir mit den vom Markt geforderten Ver\u00e4nderungen Schritt gehalten und unsere Energie und F\u00e4higkeiten gewinnbringend in die Einf\u00fchrung automatisierter Produktionsanlagen investiert. [&hellip;]<\/p>\n","protected":false},"author":2,"featured_media":0,"parent":0,"menu_order":0,"comment_status":"closed","ping_status":"closed","template":"template\/full-width-template.php","meta":{"footnotes":""},"class_list":["post-2603","page","type-page","status-publish","hentry"],"_links":{"self":[{"href":"https:\/\/www.fonderiecortiana.com\/de\/wp-json\/wp\/v2\/pages\/2603","targetHints":{"allow":["GET"]}}],"collection":[{"href":"https:\/\/www.fonderiecortiana.com\/de\/wp-json\/wp\/v2\/pages"}],"about":[{"href":"https:\/\/www.fonderiecortiana.com\/de\/wp-json\/wp\/v2\/types\/page"}],"author":[{"embeddable":true,"href":"https:\/\/www.fonderiecortiana.com\/de\/wp-json\/wp\/v2\/users\/2"}],"replies":[{"embeddable":true,"href":"https:\/\/www.fonderiecortiana.com\/de\/wp-json\/wp\/v2\/comments?post=2603"}],"version-history":[{"count":0,"href":"https:\/\/www.fonderiecortiana.com\/de\/wp-json\/wp\/v2\/pages\/2603\/revisions"}],"wp:attachment":[{"href":"https:\/\/www.fonderiecortiana.com\/de\/wp-json\/wp\/v2\/media?parent=2603"}],"curies":[{"name":"wp","href":"https:\/\/api.w.org\/{rel}","templated":true}]}}