{"id":2582,"date":"2021-12-02T14:55:19","date_gmt":"2021-12-02T14:55:19","guid":{"rendered":"https:\/\/www.fonderiecortiana.com\/?page_id=2582"},"modified":"2021-12-22T16:18:05","modified_gmt":"2021-12-22T16:18:05","slug":"home","status":"publish","type":"page","link":"https:\/\/www.fonderiecortiana.com\/de\/","title":{"rendered":"Home"},"content":{"rendered":"\t\t<div data-elementor-type=\"wp-post\" data-elementor-id=\"2582\" class=\"elementor elementor-2582 elementor-5\">\n\t\t\t\t\t\t<section class=\"elementor-section elementor-top-section elementor-element elementor-element-388b124 elementor-section-full_width elementor-section-height-default elementor-section-height-default\" data-id=\"388b124\" data-element_type=\"section\" data-settings=\"{&quot;background_background&quot;:&quot;slideshow&quot;,&quot;background_slideshow_gallery&quot;:[],&quot;background_slideshow_loop&quot;:&quot;yes&quot;,&quot;background_slideshow_slide_duration&quot;:5000,&quot;background_slideshow_slide_transition&quot;:&quot;fade&quot;,&quot;background_slideshow_transition_duration&quot;:500}\">\n\t\t\t\t\t\t\t<div class=\"elementor-background-overlay\"><\/div>\n\t\t\t\t\t\t\t<div class=\"elementor-container elementor-column-gap-no\">\n\t\t\t\t\t<div class=\"elementor-column elementor-col-100 elementor-top-column elementor-element elementor-element-081da95\" data-id=\"081da95\" data-element_type=\"column\">\n\t\t\t<div class=\"elementor-widget-wrap elementor-element-populated\">\n\t\t\t\t\t\t<div class=\"elementor-element elementor-element-80e0a96 elementor-widget elementor-widget-induxo-slider\" data-id=\"80e0a96\" data-element_type=\"widget\" data-widget_type=\"induxo-slider.default\">\n\t\t\t\t<div class=\"elementor-widget-container\">\n\t\t\t\n<div class=\"hero-area owl-carousel owl-theme\" data-controls=\"{&quot;show_nav&quot;:true,&quot;auto_nav_slide&quot;:&quot;yes&quot;}\">\n    \n      <div class=\"slider-item\" style=\"background-image:url(https:\/\/www.fonderiecortiana.com\/wp-content\/uploads\/2021\/10\/Fonderie-Cortiana-Vicenza-1.jpg)\">\n        <div class=\"slider-table\">\n            <div class=\"slider-table-cell\">\n                    <div class=\"container\">\n                        <div class=\"row \">\n                            <div class=\"col-lg-7 ml-auto text-right\">\n                            <div class=\"slider-content\">\n                                <small class=\"slider-info\">\n                                    Fonderie Cortiana since 1946                            \n                                <\/small>\n                                <h2 class=\"slider-title\">\n                                    <span>Wir produzieren<\/span>  <br>Grauguss-, Sph\u00e4roguss- und hochverschlei\u00dffeste Gussteile                                <\/h2>\n\n                                                                <div class=\"slider-btn-area\">\n                                <a href=\"https:\/\/www.fonderiecortiana.com\/de\/dienstleistungen\/\" class=\"btn\">\n                                        Dienstleistungen                                    <\/a>\n                                <\/div>\n                                                            <\/div>\n                            <!-- slider content wrap end -->\n                            <\/div><!-- col end-->\n                            \n                        <\/div><!-- row end-->\n                <\/div>\n                <!-- Container end -->  \n            <\/div>\n        <\/div>\n      <\/div>\n\n    \n      <div class=\"slider-item\" style=\"background-image:url(https:\/\/www.fonderiecortiana.com\/wp-content\/uploads\/2021\/10\/Slide-2-Cortiana-Fonderia-Industriale.jpg)\">\n        <div class=\"slider-table\">\n            <div class=\"slider-table-cell\">\n                    <div class=\"container\">\n                        <div class=\"row \">\n                            <div class=\"col-lg-7 mx-auto text-center\">\n                            <div class=\"slider-content\">\n                                <small class=\"slider-info\">\n                                    Qualit\u00e4tssystem                            \n                                <\/small>\n                                <h2 class=\"slider-title\">\n                                                                    <\/h2>\n\n                                                                <div class=\"slider-btn-area\">\n                                <a href=\"#zertifizierungen\" class=\"btn\">\n                                        Zertifizierungen                                    <\/a>\n                                <\/div>\n                                                            <\/div>\n                            <!-- slider content wrap end -->\n                            <\/div><!-- col end-->\n                            \n                        <\/div><!-- row end-->\n                <\/div>\n                <!-- Container end -->  \n            <\/div>\n        <\/div>\n      <\/div>\n\n        <\/div>\n    \n    \n     \n        \t\t<\/div>\n\t\t\t\t<\/div>\n\t\t\t\t\t<\/div>\n\t\t<\/div>\n\t\t\t\t\t<\/div>\n\t\t<\/section>\n\t\t\t\t<section class=\"elementor-section elementor-top-section elementor-element elementor-element-b51c245 elementor-section-boxed elementor-section-height-default elementor-section-height-default\" data-id=\"b51c245\" data-element_type=\"section\" data-settings=\"{&quot;background_background&quot;:&quot;classic&quot;}\">\n\t\t\t\t\t\t<div class=\"elementor-container elementor-column-gap-default\">\n\t\t\t\t\t<div class=\"elementor-column elementor-col-50 elementor-top-column elementor-element elementor-element-d19f290 elementor-invisible\" data-id=\"d19f290\" data-element_type=\"column\" data-settings=\"{&quot;animation&quot;:&quot;fadeInUp&quot;,&quot;animation_delay&quot;:300}\">\n\t\t\t<div class=\"elementor-widget-wrap elementor-element-populated\">\n\t\t\t\t\t\t<div class=\"elementor-element elementor-element-ef38c0d elementor-widget elementor-widget-text-editor\" data-id=\"ef38c0d\" data-element_type=\"widget\" data-widget_type=\"text-editor.default\">\n\t\t\t\t<div class=\"elementor-widget-container\">\n\t\t\t\t\t\t\t<h1><strong>Fonderie Cortiana<br \/><\/strong><span style=\"color: #000000;\">Cav. Bortolo SpA<\/span><\/h1><h4>_________<\/h4><h4 style=\"text-align: justify;\"><span style=\"color: #000000;\"> Fonderie Cortiana Cav. Bortolo Spa produziert eine Bandbreite von Grau- und Sph\u00e4rogussprodukten, die einen sehr breiten Bereich abdecken: die wichtigsten Sektoren, worin wir arbeiten, sind die von der Landwirtschaft, Baumaschinen, Werkzeugmaschinen, Aufz\u00fcge, Textilien, Seilbahnen, Automobilindustrie. <\/span><\/h4><h4 style=\"text-align: justify;\">\u00a0<\/h4>\t\t\t\t\t\t<\/div>\n\t\t\t\t<\/div>\n\t\t\t\t<div class=\"elementor-element elementor-element-6318edc0 elementor-widget elementor-widget-video\" data-id=\"6318edc0\" data-element_type=\"widget\" data-settings=\"{&quot;youtube_url&quot;:&quot;https:\\\/\\\/youtu.be\\\/BWTNx92v9rY?rel=0&quot;,&quot;show_image_overlay&quot;:&quot;yes&quot;,&quot;image_overlay&quot;:{&quot;url&quot;:&quot;https:\\\/\\\/www.fonderiecortiana.com\\\/wp-content\\\/uploads\\\/2021\\\/10\\\/impianto-di-colata-1-1.jpg&quot;,&quot;id&quot;:1812,&quot;size&quot;:&quot;&quot;,&quot;alt&quot;:&quot;impianto di colata&quot;,&quot;source&quot;:&quot;library&quot;},&quot;lightbox&quot;:&quot;yes&quot;,&quot;video_type&quot;:&quot;youtube&quot;,&quot;controls&quot;:&quot;yes&quot;}\" data-widget_type=\"video.default\">\n\t\t\t\t<div class=\"elementor-widget-container\">\n\t\t\t\t\t<div class=\"elementor-wrapper elementor-open-lightbox\">\n\t\t\t\t\t\t\t<div class=\"elementor-custom-embed-image-overlay\" data-elementor-open-lightbox=\"yes\" data-elementor-lightbox=\"{&quot;type&quot;:&quot;video&quot;,&quot;videoType&quot;:&quot;youtube&quot;,&quot;url&quot;:&quot;https:\\\/\\\/www.youtube.com\\\/embed\\\/BWTNx92v9rY?feature=oembed&amp;start&amp;end&amp;wmode=opaque&amp;loop=0&amp;controls=1&amp;mute=0&amp;rel=0&amp;modestbranding=0&quot;,&quot;autoplay&quot;:&quot;&quot;,&quot;modalOptions&quot;:{&quot;id&quot;:&quot;elementor-lightbox-6318edc0&quot;,&quot;entranceAnimation&quot;:&quot;&quot;,&quot;entranceAnimation_tablet&quot;:&quot;&quot;,&quot;entranceAnimation_mobile&quot;:&quot;&quot;,&quot;videoAspectRatio&quot;:&quot;169&quot;}}\" data-e-action-hash=\"#elementor-action%3Aaction%3Dlightbox%26settings%3DeyJ0eXBlIjoidmlkZW8iLCJ2aWRlb1R5cGUiOiJ5b3V0dWJlIiwidXJsIjoiaHR0cHM6XC9cL3d3dy55b3V0dWJlLmNvbVwvZW1iZWRcL0JXVE54OTJ2OXJZP2ZlYXR1cmU9b2VtYmVkJnN0YXJ0JmVuZCZ3bW9kZT1vcGFxdWUmbG9vcD0wJmNvbnRyb2xzPTEmbXV0ZT0wJnJlbD0wJm1vZGVzdGJyYW5kaW5nPTAiLCJhdXRvcGxheSI6IiIsIm1vZGFsT3B0aW9ucyI6eyJpZCI6ImVsZW1lbnRvci1saWdodGJveC02MzE4ZWRjMCIsImVudHJhbmNlQW5pbWF0aW9uIjoiIiwiZW50cmFuY2VBbmltYXRpb25fdGFibGV0IjoiIiwiZW50cmFuY2VBbmltYXRpb25fbW9iaWxlIjoiIiwidmlkZW9Bc3BlY3RSYXRpbyI6IjE2OSJ9fQ%3D%3D\">\n\t\t\t\t\t\t\t\t\t\t\t<img fetchpriority=\"high\" decoding=\"async\" width=\"1500\" height=\"1000\" src=\"https:\/\/www.fonderiecortiana.com\/wp-content\/uploads\/2021\/10\/impianto-di-colata-1-1.jpg\" class=\"attachment-full size-full wp-image-1812\" alt=\"impianto di colata\" srcset=\"https:\/\/www.fonderiecortiana.com\/wp-content\/uploads\/2021\/10\/impianto-di-colata-1-1.jpg 1500w, https:\/\/www.fonderiecortiana.com\/wp-content\/uploads\/2021\/10\/impianto-di-colata-1-1-300x200.jpg 300w, https:\/\/www.fonderiecortiana.com\/wp-content\/uploads\/2021\/10\/impianto-di-colata-1-1-1024x683.jpg 1024w, https:\/\/www.fonderiecortiana.com\/wp-content\/uploads\/2021\/10\/impianto-di-colata-1-1-768x512.jpg 768w\" sizes=\"(max-width: 1500px) 100vw, 1500px\" title=\"\">\t\t\t\t\t\t\t\t\t\t\t\t\t\t\t\t<div class=\"elementor-custom-embed-play\" role=\"button\" aria-label=\"Play Video about impianto di colata\" tabindex=\"0\">\n\t\t\t\t\t\t\t<i aria-hidden=\"true\" class=\"eicon-play\"><\/i>\t\t\t\t\t\t\t<span class=\"elementor-screen-only\">Play Video about impianto di colata<\/span>\n\t\t\t\t\t\t<\/div>\n\t\t\t\t\t\t\t\t\t<\/div>\n\t\t\t\t\t<\/div>\n\t\t\t\t<\/div>\n\t\t\t\t<\/div>\n\t\t\t\t\t<\/div>\n\t\t<\/div>\n\t\t\t\t<div class=\"elementor-column elementor-col-50 elementor-top-column elementor-element elementor-element-0dd6899 elementor-invisible\" data-id=\"0dd6899\" data-element_type=\"column\" data-settings=\"{&quot;animation&quot;:&quot;fadeInUp&quot;,&quot;animation_delay&quot;:350}\">\n\t\t\t<div class=\"elementor-widget-wrap elementor-element-populated\">\n\t\t\t\t\t\t<div class=\"elementor-element elementor-element-c5d048b elementor-widget elementor-widget-image\" data-id=\"c5d048b\" data-element_type=\"widget\" data-widget_type=\"image.default\">\n\t\t\t\t<div class=\"elementor-widget-container\">\n\t\t\t\t\t\t\t\t\t\t\t\t\t<img decoding=\"async\" width=\"800\" height=\"600\" src=\"https:\/\/www.fonderiecortiana.com\/wp-content\/uploads\/2021\/10\/Fonderie-Cortiana-spa-Vicenza-1024x768.jpg\" class=\"attachment-large size-large wp-image-2585\" alt=\"Fonderie Cortiana spa Vicenza\" srcset=\"https:\/\/www.fonderiecortiana.com\/wp-content\/uploads\/2021\/10\/Fonderie-Cortiana-spa-Vicenza-1024x768.jpg 1024w, https:\/\/www.fonderiecortiana.com\/wp-content\/uploads\/2021\/10\/Fonderie-Cortiana-spa-Vicenza-300x225.jpg 300w, https:\/\/www.fonderiecortiana.com\/wp-content\/uploads\/2021\/10\/Fonderie-Cortiana-spa-Vicenza-768x576.jpg 768w, https:\/\/www.fonderiecortiana.com\/wp-content\/uploads\/2021\/10\/Fonderie-Cortiana-spa-Vicenza-1536x1152.jpg 1536w, https:\/\/www.fonderiecortiana.com\/wp-content\/uploads\/2021\/10\/Fonderie-Cortiana-spa-Vicenza.jpg 1920w\" sizes=\"(max-width: 800px) 100vw, 800px\" title=\"\">\t\t\t\t\t\t\t\t\t\t\t\t\t<\/div>\n\t\t\t\t<\/div>\n\t\t\t\t<div class=\"elementor-element elementor-element-8b58080 elementor-widget elementor-widget-text-editor\" data-id=\"8b58080\" data-element_type=\"widget\" data-widget_type=\"text-editor.default\">\n\t\t\t\t<div class=\"elementor-widget-container\">\n\t\t\t\t\t\t\t<h4 style=\"text-align: justify;\"><span style=\"color: #000000;\"> Unsere St\u00e4rke ist, die Bed\u00fcrfnisse des Kunden in allen Anwendungsbereichen zu gestalten.\u00a0<strong> Unsere Produktion ist auf Klein- und Mittelserienguss spezialisiert.<\/strong><\/span><\/h4>\t\t\t\t\t\t<\/div>\n\t\t\t\t<\/div>\n\t\t\t\t\t<\/div>\n\t\t<\/div>\n\t\t\t\t\t<\/div>\n\t\t<\/section>\n\t\t\t\t<section class=\"elementor-section elementor-top-section elementor-element elementor-element-a87a5a7 elementor-section-content-middle elementor-section-boxed elementor-section-height-default elementor-section-height-default\" data-id=\"a87a5a7\" data-element_type=\"section\" id=\"zertifizierungen\" data-settings=\"{&quot;background_background&quot;:&quot;classic&quot;}\">\n\t\t\t\t\t\t<div class=\"elementor-container elementor-column-gap-no\">\n\t\t\t\t\t<div class=\"elementor-column elementor-col-50 elementor-top-column elementor-element elementor-element-7639de6\" data-id=\"7639de6\" data-element_type=\"column\" data-settings=\"{&quot;background_background&quot;:&quot;classic&quot;}\">\n\t\t\t<div class=\"elementor-widget-wrap elementor-element-populated\">\n\t\t\t\t\t\t<div class=\"elementor-element elementor-element-20ccb7e elementor-widget elementor-widget-image\" data-id=\"20ccb7e\" data-element_type=\"widget\" data-widget_type=\"image.default\">\n\t\t\t\t<div class=\"elementor-widget-container\">\n\t\t\t\t\t\t\t\t\t\t\t\t\t<img decoding=\"async\" width=\"800\" height=\"550\" src=\"https:\/\/www.fonderiecortiana.com\/wp-content\/uploads\/2021\/10\/Certificati-2021-1024x704.jpg\" class=\"attachment-large size-large wp-image-2331\" alt=\"Certificati 2021\" srcset=\"https:\/\/www.fonderiecortiana.com\/wp-content\/uploads\/2021\/10\/Certificati-2021-1024x704.jpg 1024w, https:\/\/www.fonderiecortiana.com\/wp-content\/uploads\/2021\/10\/Certificati-2021-300x206.jpg 300w, https:\/\/www.fonderiecortiana.com\/wp-content\/uploads\/2021\/10\/Certificati-2021-768x528.jpg 768w, https:\/\/www.fonderiecortiana.com\/wp-content\/uploads\/2021\/10\/Certificati-2021.jpg 1280w\" sizes=\"(max-width: 800px) 100vw, 800px\" title=\"\">\t\t\t\t\t\t\t\t\t\t\t\t\t<\/div>\n\t\t\t\t<\/div>\n\t\t\t\t\t<\/div>\n\t\t<\/div>\n\t\t\t\t<div class=\"elementor-column elementor-col-50 elementor-top-column elementor-element elementor-element-1859ed7 custom-width-500\" data-id=\"1859ed7\" data-element_type=\"column\" data-settings=\"{&quot;background_background&quot;:&quot;classic&quot;}\">\n\t\t\t<div class=\"elementor-widget-wrap elementor-element-populated\">\n\t\t\t\t\t\t<div class=\"elementor-element elementor-element-83b84b6 e-transform elementor-widget elementor-widget-text-editor\" data-id=\"83b84b6\" data-element_type=\"widget\" data-settings=\"{&quot;_transform_scale_effect&quot;:{&quot;unit&quot;:&quot;px&quot;,&quot;size&quot;:&quot;&quot;,&quot;sizes&quot;:[]},&quot;_transform_scale_effect_tablet&quot;:{&quot;unit&quot;:&quot;px&quot;,&quot;size&quot;:&quot;&quot;,&quot;sizes&quot;:[]},&quot;_transform_scale_effect_mobile&quot;:{&quot;unit&quot;:&quot;px&quot;,&quot;size&quot;:&quot;&quot;,&quot;sizes&quot;:[]}}\" data-widget_type=\"text-editor.default\">\n\t\t\t\t<div class=\"elementor-widget-container\">\n\t\t\t\t\t\t\t<h2><span style=\"color: #ffffff;\"> unsere <strong> Zertifizierungen<\/strong><\/span><\/h2>\n<h4><span style=\"color: #ffffff;\">________<\/span><\/h4>\n<h3 style=\"text-align: left;\"><span style=\"color: #ffffff;\"> Unsere Bem\u00fchungen wurden von den verschiedenen Zertifizierungsstellen, die die Fonderie Cortiana Cav.Bortolo S.p.A. anerkannt haben, um die folgenden Zertifizierungen zu erhalten: <br><br>\n\n<b>\u2022 UNI EN ISO 9001: 2015 Qualit\u00e4tssystem <br>\n\u2022 DNV autorisierter Hersteller <\/b><\/span><\/h3>\t\t\t\t\t\t<\/div>\n\t\t\t\t<\/div>\n\t\t\t\t\t<\/div>\n\t\t<\/div>\n\t\t\t\t\t<\/div>\n\t\t<\/section>\n\t\t\t\t<\/div>\n\t\t","protected":false},"excerpt":{"rendered":"<p>Fonderie Cortiana since 1946 Wir produzieren Grauguss-, Sph\u00e4roguss- und hochverschlei\u00dffeste Gussteile Dienstleistungen Qualit\u00e4tssystem Zertifizierungen Fonderie CortianaCav. Bortolo SpA _________ Fonderie Cortiana Cav. Bortolo Spa produziert eine Bandbreite von Grau- und Sph\u00e4rogussprodukten, die einen sehr breiten Bereich abdecken: die wichtigsten Sektoren, worin wir arbeiten, sind die von der Landwirtschaft, Baumaschinen, Werkzeugmaschinen, Aufz\u00fcge, Textilien, Seilbahnen, Automobilindustrie. \u00a0 [&hellip;]<\/p>\n","protected":false},"author":2,"featured_media":0,"parent":0,"menu_order":0,"comment_status":"closed","ping_status":"closed","template":"template\/homepage-template.php","meta":{"footnotes":""},"class_list":["post-2582","page","type-page","status-publish","hentry"],"_links":{"self":[{"href":"https:\/\/www.fonderiecortiana.com\/de\/wp-json\/wp\/v2\/pages\/2582","targetHints":{"allow":["GET"]}}],"collection":[{"href":"https:\/\/www.fonderiecortiana.com\/de\/wp-json\/wp\/v2\/pages"}],"about":[{"href":"https:\/\/www.fonderiecortiana.com\/de\/wp-json\/wp\/v2\/types\/page"}],"author":[{"embeddable":true,"href":"https:\/\/www.fonderiecortiana.com\/de\/wp-json\/wp\/v2\/users\/2"}],"replies":[{"embeddable":true,"href":"https:\/\/www.fonderiecortiana.com\/de\/wp-json\/wp\/v2\/comments?post=2582"}],"version-history":[{"count":0,"href":"https:\/\/www.fonderiecortiana.com\/de\/wp-json\/wp\/v2\/pages\/2582\/revisions"}],"wp:attachment":[{"href":"https:\/\/www.fonderiecortiana.com\/de\/wp-json\/wp\/v2\/media?parent=2582"}],"curies":[{"name":"wp","href":"https:\/\/api.w.org\/{rel}","templated":true}]}}